{"id":57,"date":"2019-10-19T10:27:18","date_gmt":"2019-10-19T10:27:18","guid":{"rendered":"https:\/\/moonadesign.hu\/?page_id=57"},"modified":"2019-11-23T09:44:07","modified_gmt":"2019-11-23T09:44:07","slug":"fizetesi-lehetosegek","status":"publish","type":"page","link":"https:\/\/moonadesign.hu\/en\/fizetesi-lehetosegek\/","title":{"rendered":"Fizet\u00e9si lehet\u0151s\u00e9gek"},"content":{"rendered":"<div class=\"row\"  id=\"row-1009957998\">\n\n\n\t<div id=\"col-43000909\" class=\"col small-12 large-12\"  >\n\t\t<div class=\"col-inner\"  >\n\t\t\t\n\t\t\t\n\n<p><strong>How can you pay for the product?<\/strong><\/p>\n<p><strong>Advance payment<\/strong><\/p>\n<p>Please initiate the transfer after your order has been confirmed.\u00a0<\/p>\n<p><strong>Required information for the transfer:<\/strong><\/p>\n<p>Name: Petra Kutasi-Kov\u00e1cs<\/p>\n<p>Account keeping bank: K&H<\/p>\n<p>Account number: 10401000-50526857-52501003<\/p>\n<p>Notice: Your order number<\/p>\n<p>\u00a0<\/p>\n<p><strong>c.o.d.<\/strong><\/p>\n<p>You can pay for the ordered products directly at the receipt of the package.\u00a0<\/p>\n<p>\u00a0<\/p>\n<p><strong>Credit card payment<\/strong><\/p>\n<p>You can prepay your product directly through the site using Paylike.\u00a0<\/p>\n<p>\u00a0<\/p>\n<p><strong>How do you get the product?<\/strong><\/p>\n<p>After ordering, I will ship the product to the address you provided. If you made a personal pick-up at the time of purchase, you can pick up the product at H-1133 Budapest, V\u00e1ci \u00fat 80.<\/p>\n\n\t\t<\/div>\n\t\t\t<\/div>\n\n\t\n\n<\/div>","protected":false},"excerpt":{"rendered":"","protected":false},"author":1,"featured_media":0,"parent":0,"menu_order":0,"comment_status":"closed","ping_status":"closed","template":"","meta":[],"yoast_head":"<!-- This site is optimized with the Yoast SEO plugin v15.5 - https:\/\/yoast.com\/wordpress\/plugins\/seo\/ -->\n<title>Fizet\u00e9si lehet\u0151s\u00e9gek - moona design<\/title>\n<meta name=\"robots\" content=\"index, follow, max-snippet:-1, max-image-preview:large, max-video-preview:-1\" \/>\n<link rel=\"canonical\" href=\"https:\/\/moonadesign.hu\/fizetesi-lehetosegek\/\" \/>\n<meta property=\"og:locale\" content=\"en_GB\" \/>\n<meta property=\"og:type\" content=\"article\" \/>\n<meta property=\"og:title\" content=\"Fizet\u00e9si lehet\u0151s\u00e9gek - moona design\" \/>\n<meta property=\"og:url\" content=\"https:\/\/moonadesign.hu\/fizetesi-lehetosegek\/\" \/>\n<meta property=\"og:site_name\" content=\"moona design\" \/>\n<meta property=\"article:modified_time\" content=\"2019-11-23T09:44:07+00:00\" \/>\n<meta name=\"twitter:card\" content=\"summary_large_image\" \/>\n<meta name=\"twitter:label1\" content=\"Estimated reading time\">\n\t<meta name=\"twitter:data1\" content=\"1 minute\">\n<script type=\"application\/ld+json\" class=\"yoast-schema-graph\">{\"@context\":\"https:\/\/schema.org\",\"@graph\":[{\"@type\":\"WebSite\",\"@id\":\"https:\/\/moonadesign.hu\/#website\",\"url\":\"https:\/\/moonadesign.hu\/\",\"name\":\"moona design\",\"description\":\"\",\"potentialAction\":[{\"@type\":\"SearchAction\",\"target\":\"https:\/\/moonadesign.hu\/?s={search_term_string}\",\"query-input\":\"required name=search_term_string\"}],\"inLanguage\":\"en-GB\"},{\"@type\":\"WebPage\",\"@id\":\"https:\/\/moonadesign.hu\/fizetesi-lehetosegek\/#webpage\",\"url\":\"https:\/\/moonadesign.hu\/fizetesi-lehetosegek\/\",\"name\":\"Fizet\\u00e9si lehet\\u0151s\\u00e9gek - moona design\",\"isPartOf\":{\"@id\":\"https:\/\/moonadesign.hu\/#website\"},\"datePublished\":\"2019-10-19T10:27:18+00:00\",\"dateModified\":\"2019-11-23T09:44:07+00:00\",\"inLanguage\":\"en-GB\",\"potentialAction\":[{\"@type\":\"ReadAction\",\"target\":[\"https:\/\/moonadesign.hu\/fizetesi-lehetosegek\/\"]}]}]}<\/script>\n<!-- \/ Yoast SEO plugin. -->","_links":{"self":[{"href":"https:\/\/moonadesign.hu\/en\/wp-json\/wp\/v2\/pages\/57"}],"collection":[{"href":"https:\/\/moonadesign.hu\/en\/wp-json\/wp\/v2\/pages"}],"about":[{"href":"https:\/\/moonadesign.hu\/en\/wp-json\/wp\/v2\/types\/page"}],"author":[{"embeddable":true,"href":"https:\/\/moonadesign.hu\/en\/wp-json\/wp\/v2\/users\/1"}],"replies":[{"embeddable":true,"href":"https:\/\/moonadesign.hu\/en\/wp-json\/wp\/v2\/comments?post=57"}],"version-history":[{"count":8,"href":"https:\/\/moonadesign.hu\/en\/wp-json\/wp\/v2\/pages\/57\/revisions"}],"predecessor-version":[{"id":322,"href":"https:\/\/moonadesign.hu\/en\/wp-json\/wp\/v2\/pages\/57\/revisions\/322"}],"wp:attachment":[{"href":"https:\/\/moonadesign.hu\/en\/wp-json\/wp\/v2\/media?parent=57"}],"curies":[{"name":"wp","href":"https:\/\/api.w.org\/{rel}","templated":true}]}}