{"id":7,"date":"2019-10-19T08:09:23","date_gmt":"2019-10-19T08:09:23","guid":{"rendered":"https:\/\/moonadesign.hu\/?page_id=7"},"modified":"2020-07-28T19:00:00","modified_gmt":"2020-07-28T19:00:00","slug":"home","status":"publish","type":"page","link":"https:\/\/moonadesign.hu\/en\/","title":{"rendered":"Home"},"content":{"rendered":"<div class=\"slider-wrapper relative hide-for-small\" id=\"slider-18588856\" >\n    <div class=\"slider slider-type-fade slider-nav-circle slider-nav-large slider-nav-light slider-style-normal\"\n        data-flickity-options='{            \"cellAlign\": \"center\",            \"imagesLoaded\": true,            \"lazyLoad\": 1,            \"freeScroll\": false,            \"wrapAround\": false,            \"autoPlay\": 7000,            \"pauseAutoPlayOnHover\" : true,            \"prevNextButtons\": false,            \"contain\" : true,            \"adaptiveHeight\" : true,            \"dragThreshold\" : 10,            \"percentPosition\": true,            \"pageDots\": true,            \"rightToLeft\": false,            \"draggable\": true,            \"selectedAttraction\": 0.1,            \"parallax\" : 0,            \"friction\": 0.6        }'\n        >\n        \n\n\n  <div class=\"banner has-hover hide-for-small\" id=\"banner-1906767718\">\n          <div class=\"banner-inner fill\">\n        <div class=\"banner-bg fill\" >\n            <div class=\"bg fill bg-fill\"><\/div>\n                        <div class=\"overlay\"><\/div>            \n                    <\/div>\n        <div class=\"banner-layers container\">\n            <div class=\"fill banner-link\"><\/div>            \n\n   <div id=\"text-box-678482223\" class=\"text-box banner-layer x95 md-x95 lg-x100 y75 md-y75 lg-y75 res-text\">\n                                <div class=\"text dark\">\n              \n              <div class=\"text-inner text-center\">\n                  \n\n<h3 class=\"uppercase\" style=\"text-align: right;\"><strong>moona design<\/strong><\/h3>\n<h4 class=\"thin-font\" style=\"text-align: right;\">Contemporary unique jewellery for the chic and effortlessly elegant woman.<br \/>Minimalist\ndesign with limited editions from a Budapest based architect for everyday use and special\noccasions.<\/h4>\n\n              <\/div>\n           <\/div>\n                            \n<style>\n#text-box-678482223 {\n  width: 36%;\n}\n#text-box-678482223 .text {\n  font-size: 100%;\n}\n<\/style>\n    <\/div>\n \n\n        <\/div>\n      <\/div>\n\n            \n<style>\n#banner-1906767718 {\n  padding-top: 84%;\n}\n#banner-1906767718 .bg.bg-loaded {\n  background-image: url(https:\/\/moonadesign.hu\/wp-content\/uploads\/2019\/11\/shooting-banner2.jpg);\n}\n#banner-1906767718 .overlay {\n  background-color: rgba(0, 0, 0, 0.1);\n}\n#banner-1906767718 .bg {\n  background-position: 52% 50%;\n}\n@media (min-width:850px) {\n  #banner-1906767718 {\n    padding-top: 51%;\n  }\n}\n<\/style>\n  <\/div>\n\n\n\n  <div class=\"banner has-hover hide-for-small\" id=\"banner-1881315729\">\n          <div class=\"banner-inner fill\">\n        <div class=\"banner-bg fill\" >\n            <div class=\"bg fill bg-fill\"><\/div>\n                        <div class=\"overlay\"><\/div>            \n                    <\/div>\n        <div class=\"banner-layers container\">\n            <div class=\"fill banner-link\"><\/div>            \n\n\n        <\/div>\n      <\/div>\n\n            \n<style>\n#banner-1881315729 {\n  padding-top: 84%;\n}\n#banner-1881315729 .bg.bg-loaded {\n  background-image: url(https:\/\/moonadesign.hu\/wp-content\/uploads\/2019\/11\/shooting-banner3.jpg);\n}\n#banner-1881315729 .overlay {\n  background-color: rgba(0, 0, 0, 0.1);\n}\n#banner-1881315729 .bg {\n  background-position: 0% 0%;\n}\n@media (min-width:850px) {\n  #banner-1881315729 {\n    padding-top: 51%;\n  }\n}\n<\/style>\n  <\/div>\n\n\n\n  <div class=\"banner has-hover hide-for-small\" id=\"banner-513596486\">\n          <div class=\"banner-inner fill\">\n        <div class=\"banner-bg fill\" >\n            <div class=\"bg fill bg-fill\"><\/div>\n                        <div class=\"overlay\"><\/div>            \n                    <\/div>\n        <div class=\"banner-layers container\">\n            <div class=\"fill banner-link\"><\/div>            \n\n\n        <\/div>\n      <\/div>\n\n            \n<style>\n#banner-513596486 {\n  padding-top: 84%;\n}\n#banner-513596486 .bg.bg-loaded {\n  background-image: url(https:\/\/moonadesign.hu\/wp-content\/uploads\/2019\/11\/shooting-banner1.jpg);\n}\n#banner-513596486 .overlay {\n  background-color: rgba(0, 0, 0, 0.1);\n}\n#banner-513596486 .bg {\n  background-position: 46% 43%;\n}\n@media (min-width:850px) {\n  #banner-513596486 {\n    padding-top: 51%;\n  }\n}\n<\/style>\n  <\/div>\n\n\n\n  <div class=\"banner has-hover hide-for-small\" id=\"banner-380076165\">\n          <div class=\"banner-inner fill\">\n        <div class=\"banner-bg fill\" >\n            <div class=\"bg fill bg-fill\"><\/div>\n                        <div class=\"overlay\"><\/div>            \n                    <\/div>\n        <div class=\"banner-layers container\">\n            <div class=\"fill banner-link\"><\/div>            \n\n\n        <\/div>\n      <\/div>\n\n            \n<style>\n#banner-380076165 {\n  padding-top: 84%;\n}\n#banner-380076165 .bg.bg-loaded {\n  background-image: url(https:\/\/moonadesign.hu\/wp-content\/uploads\/2019\/11\/shooting-banner4.jpg);\n}\n#banner-380076165 .overlay {\n  background-color: rgba(0, 0, 0, 0.1);\n}\n#banner-380076165 .bg {\n  background-position: 11% 43%;\n}\n@media (min-width:850px) {\n  #banner-380076165 {\n    padding-top: 51%;\n  }\n}\n<\/style>\n  <\/div>\n\n\n\n  <div class=\"banner has-hover hide-for-small\" id=\"banner-1104278715\">\n          <div class=\"banner-inner fill\">\n        <div class=\"banner-bg fill\" >\n            <div class=\"bg fill bg-fill\"><\/div>\n                        <div class=\"overlay\"><\/div>            \n                    <\/div>\n        <div class=\"banner-layers container\">\n            <div class=\"fill banner-link\"><\/div>            \n\n\n        <\/div>\n      <\/div>\n\n            \n<style>\n#banner-1104278715 {\n  padding-top: 84%;\n}\n#banner-1104278715 .bg.bg-loaded {\n  background-image: url(https:\/\/moonadesign.hu\/wp-content\/uploads\/2019\/11\/shooting-banner5.jpg);\n}\n#banner-1104278715 .overlay {\n  background-color: rgba(0, 0, 0, 0.1);\n}\n#banner-1104278715 .bg {\n  background-position: 32% 33%;\n}\n@media (min-width:850px) {\n  #banner-1104278715 {\n    padding-top: 51%;\n  }\n}\n<\/style>\n  <\/div>\n\n\n\n     <\/div>\n\n     <div class=\"loading-spin dark large centered\"><\/div>\n\n     <\/div>\n\n\n<div class=\"slider-wrapper relative hide-for-medium\" id=\"slider-483213727\" >\n    <div class=\"slider slider-type-fade slider-nav-circle slider-nav-large slider-nav-light slider-style-normal\"\n        data-flickity-options='{            \"cellAlign\": \"center\",            \"imagesLoaded\": true,            \"lazyLoad\": 1,            \"freeScroll\": false,            \"wrapAround\": false,            \"autoPlay\": 5000,            \"pauseAutoPlayOnHover\" : true,            \"prevNextButtons\": false,            \"contain\" : true,            \"adaptiveHeight\" : true,            \"dragThreshold\" : 10,            \"percentPosition\": true,            \"pageDots\": true,            \"rightToLeft\": false,            \"draggable\": true,            \"selectedAttraction\": 0.1,            \"parallax\" : 0,            \"friction\": 0.6        }'\n        >\n        \n\n\n  <div class=\"banner has-hover show-for-medium hide-for-small\" id=\"banner-272106919\">\n          <div class=\"banner-inner fill\">\n        <div class=\"banner-bg fill\" >\n            <div class=\"bg fill bg-fill\"><\/div>\n                        <div class=\"overlay\"><\/div>            \n                    <\/div>\n        <div class=\"banner-layers container\">\n            <div class=\"fill banner-link\"><\/div>            \n\n   <div id=\"text-box-1533445713\" class=\"text-box banner-layer x100 md-x100 lg-x100 y75 md-y75 lg-y75 res-text\">\n                                <div class=\"text dark\">\n              \n              <div class=\"text-inner text-center\">\n                  \n\n<h3 class=\"uppercase\" style=\"text-align: right;\">moona design<\/h3>\n<h4 class=\"thin-font\" style=\"text-align: right;\">Kort\u00e1rs egyedi \u00e9kszerek, eleg\u00e1ns n\u0151knek tervezve. Minimalista formatervez\u00e9s, limit\u00e1lt kiad\u00e1s egy budapesti \u00e9p\u00edt\u00e9szt\u0151l.<\/h4>\n\n              <\/div>\n           <\/div>\n                            \n<style>\n#text-box-1533445713 {\n  width: 35%;\n}\n#text-box-1533445713 .text {\n  font-size: 100%;\n}\n<\/style>\n    <\/div>\n \n\n        <\/div>\n      <\/div>\n\n            \n<style>\n#banner-272106919 {\n  padding-top: 51%;\n}\n#banner-272106919 .bg.bg-loaded {\n  background-image: url(https:\/\/moonadesign.hu\/wp-content\/uploads\/2019\/11\/shooting-banner2.jpg);\n}\n#banner-272106919 .overlay {\n  background-color: rgba(0, 0, 0, 0.1);\n}\n#banner-272106919 .bg {\n  background-position: 52% 50%;\n}\n<\/style>\n  <\/div>\n\n\n\n  <div class=\"banner has-hover show-for-medium hide-for-small\" id=\"banner-1163856164\">\n          <div class=\"banner-inner fill\">\n        <div class=\"banner-bg fill\" >\n            <div class=\"bg fill bg-fill\"><\/div>\n                        <div class=\"overlay\"><\/div>            \n                    <\/div>\n        <div class=\"banner-layers container\">\n            <div class=\"fill banner-link\"><\/div>            \n\n\n        <\/div>\n      <\/div>\n\n            \n<style>\n#banner-1163856164 {\n  padding-top: 51%;\n}\n#banner-1163856164 .bg.bg-loaded {\n  background-image: url(https:\/\/moonadesign.hu\/wp-content\/uploads\/2019\/11\/shooting-banner3.jpg);\n}\n#banner-1163856164 .overlay {\n  background-color: rgba(0, 0, 0, 0.1);\n}\n#banner-1163856164 .bg {\n  background-position: 0% 0%;\n}\n<\/style>\n  <\/div>\n\n\n\n  <div class=\"banner has-hover show-for-medium hide-for-small\" id=\"banner-532752477\">\n          <div class=\"banner-inner fill\">\n        <div class=\"banner-bg fill\" >\n            <div class=\"bg fill bg-fill\"><\/div>\n                        <div class=\"overlay\"><\/div>            \n                    <\/div>\n        <div class=\"banner-layers container\">\n            <div class=\"fill banner-link\"><\/div>            \n\n\n        <\/div>\n      <\/div>\n\n            \n<style>\n#banner-532752477 {\n  padding-top: 51%;\n}\n#banner-532752477 .bg.bg-loaded {\n  background-image: url(https:\/\/moonadesign.hu\/wp-content\/uploads\/2019\/11\/shooting-banner1.jpg);\n}\n#banner-532752477 .overlay {\n  background-color: rgba(0, 0, 0, 0.1);\n}\n#banner-532752477 .bg {\n  background-position: 0% 0%;\n}\n<\/style>\n  <\/div>\n\n\n\n  <div class=\"banner has-hover show-for-medium hide-for-small\" id=\"banner-1463678711\">\n          <div class=\"banner-inner fill\">\n        <div class=\"banner-bg fill\" >\n            <div class=\"bg fill bg-fill\"><\/div>\n                        <div class=\"overlay\"><\/div>            \n                    <\/div>\n        <div class=\"banner-layers container\">\n            <div class=\"fill banner-link\"><\/div>            \n\n\n        <\/div>\n      <\/div>\n\n            \n<style>\n#banner-1463678711 {\n  padding-top: 51%;\n}\n#banner-1463678711 .bg.bg-loaded {\n  background-image: url(https:\/\/moonadesign.hu\/wp-content\/uploads\/2019\/11\/shooting-banner4.jpg);\n}\n#banner-1463678711 .overlay {\n  background-color: rgba(0, 0, 0, 0.1);\n}\n#banner-1463678711 .bg {\n  background-position: 20% 19%;\n}\n<\/style>\n  <\/div>\n\n\n\n  <div class=\"banner has-hover show-for-medium hide-for-small\" id=\"banner-1346851514\">\n          <div class=\"banner-inner fill\">\n        <div class=\"banner-bg fill\" >\n            <div class=\"bg fill bg-fill\"><\/div>\n                        <div class=\"overlay\"><\/div>            \n                    <\/div>\n        <div class=\"banner-layers container\">\n            <div class=\"fill banner-link\"><\/div>            \n\n\n        <\/div>\n      <\/div>\n\n            \n<style>\n#banner-1346851514 {\n  padding-top: 51%;\n}\n#banner-1346851514 .bg.bg-loaded {\n  background-image: url(https:\/\/moonadesign.hu\/wp-content\/uploads\/2019\/11\/shooting-banner5.jpg);\n}\n#banner-1346851514 .overlay {\n  background-color: rgba(0, 0, 0, 0.1);\n}\n#banner-1346851514 .bg {\n  background-position: 0% 0%;\n}\n<\/style>\n  <\/div>\n\n\n\n     <\/div>\n\n     <div class=\"loading-spin dark large centered\"><\/div>\n\n     <\/div>\n\n\n<div class=\"slider-wrapper relative show-for-small\" id=\"slider-1557011995\" >\n    <div class=\"slider slider-type-fade slider-nav-circle slider-nav-large slider-nav-light slider-style-normal\"\n        data-flickity-options='{            \"cellAlign\": \"center\",            \"imagesLoaded\": true,            \"lazyLoad\": 1,            \"freeScroll\": false,            \"wrapAround\": false,            \"autoPlay\": 5000,            \"pauseAutoPlayOnHover\" : true,            \"prevNextButtons\": false,            \"contain\" : true,            \"adaptiveHeight\" : true,            \"dragThreshold\" : 10,            \"percentPosition\": true,            \"pageDots\": true,            \"rightToLeft\": false,            \"draggable\": true,            \"selectedAttraction\": 0.1,            \"parallax\" : 0,            \"friction\": 0.6        }'\n        >\n        \n\n\n  <div class=\"banner has-hover show-for-small\" id=\"banner-1959272286\">\n          <div class=\"banner-inner fill\">\n        <div class=\"banner-bg fill\" >\n            <div class=\"bg fill bg-fill\"><\/div>\n                        <div class=\"overlay\"><\/div>            \n                    <\/div>\n        <div class=\"banner-layers container\">\n            <div class=\"fill banner-link\"><\/div>            \n\n   <div id=\"text-box-90623842\" class=\"text-box banner-layer x50 md-x100 lg-x100 y90 md-y75 lg-y75 res-text\">\n                                <div class=\"text dark\">\n              \n              <div class=\"text-inner text-center\">\n                  \n\n<h3 class=\"uppercase\" style=\"text-align: left;\"><strong>moona design<\/strong><\/h3>\n<h4 style=\"text-align: left;\">Contemporary unique jewellery for the chic and effortlessly elegant woman. <br \/>Minimalist\ndesign with limited editions from a Budapest based architect for everyday use and special\noccasions.<\/h4>\n\n              <\/div>\n           <\/div>\n                            \n<style>\n#text-box-90623842 {\n  width: 70%;\n}\n#text-box-90623842 .text {\n  font-size: 100%;\n}\n@media (min-width:550px) {\n  #text-box-90623842 {\n    width: 35%;\n  }\n}\n<\/style>\n    <\/div>\n \n\n        <\/div>\n      <\/div>\n\n            \n<style>\n#banner-1959272286 {\n  padding-top: 177%;\n}\n#banner-1959272286 .bg.bg-loaded {\n  background-image: url(https:\/\/moonadesign.hu\/wp-content\/uploads\/2019\/11\/shooting-banner2.jpg);\n}\n#banner-1959272286 .overlay {\n  background-color: rgba(0, 0, 0, 0.1);\n}\n#banner-1959272286 .bg {\n  background-position: 27% 19%;\n}\n@media (min-width:550px) {\n  #banner-1959272286 {\n    padding-top: 51%;\n  }\n}\n<\/style>\n  <\/div>\n\n\n\n     <\/div>\n\n     <div class=\"loading-spin dark large centered\"><\/div>\n\n     <\/div>\n\n\n<div class=\"text-center\"><div class=\"is-divider divider clearfix\" style=\"max-width:0px;height:1px;\"><\/div><\/div>\n\n<div class=\"row row-collapse row-full-width\"  id=\"row-1070415478\">\n\n\n\t<div id=\"col-307487340\" class=\"col medium-3 small-12 large-3\"  >\n\t\t<div class=\"col-inner\"  >\n\t\t\t\n\t\t\t\n\n\n  <div class=\"banner has-hover bg-zoom-fade\" id=\"banner-732285810\">\n          <div class=\"banner-inner fill\">\n        <div class=\"banner-bg fill\" >\n            <div class=\"bg fill bg-fill\"><\/div>\n                        <div class=\"overlay\"><\/div>            \n                    <\/div>\n        <div class=\"banner-layers container\">\n            <div class=\"fill banner-link\"><\/div>            \n\n   <div id=\"text-box-1535562482\" class=\"text-box banner-layer x5 md-x5 lg-x5 y95 md-y95 lg-y95 res-text\">\n                                <div class=\"text dark\">\n              \n              <div class=\"text-inner text-left\">\n                  \n\n<h4 class=\"uppercase\" style=\"text-align: left;\">collection<\/h4>\n<h3 class=\"uppercase\" style=\"text-align: left;\"><strong>sun-moon-stars<\/strong><\/h3>\n<a href=\"https:\/\/moonadesign.hu\/en\/product-category\/sun-moon-stars\/\" target=\"_self\" class=\"button white is-outline\"  >\n    <span>view<\/span>\n  <\/a>\n\n\n\n              <\/div>\n           <\/div>\n                            \n<style>\n#text-box-1535562482 {\n  width: 75%;\n}\n#text-box-1535562482 .text {\n  font-size: 100%;\n}\n<\/style>\n    <\/div>\n \n\n        <\/div>\n      <\/div>\n\n            \n<style>\n#banner-732285810 {\n  padding-top: 250px;\n  background-color: rgb(255,255,255);\n}\n#banner-732285810 .bg.bg-loaded {\n  background-image: url(https:\/\/moonadesign.hu\/wp-content\/uploads\/2019\/11\/sunmoonstars-2.jpg);\n}\n#banner-732285810 .overlay {\n  background-color: rgba(0, 0, 0, 0.2);\n}\n#banner-732285810 .bg {\n  background-position: 0% 0%;\n}\n<\/style>\n  <\/div>\n\n\n\n\t\t<\/div>\n\t\t\t<\/div>\n\n\t\n\n\t<div id=\"col-661525186\" class=\"col medium-3 small-12 large-3\"  >\n\t\t<div class=\"col-inner\"  >\n\t\t\t\n\t\t\t\n\n\n  <div class=\"banner has-hover bg-zoom-fade\" id=\"banner-210939014\">\n          <div class=\"banner-inner fill\">\n        <div class=\"banner-bg fill\" >\n            <div class=\"bg fill bg-fill\"><\/div>\n                        <div class=\"overlay\"><\/div>            \n                    <\/div>\n        <div class=\"banner-layers container\">\n            <div class=\"fill banner-link\"><\/div>            \n\n   <div id=\"text-box-1928782016\" class=\"text-box banner-layer x5 md-x5 lg-x5 y95 md-y95 lg-y95 res-text\">\n                                <div class=\"text dark\">\n              \n              <div class=\"text-inner text-left\">\n                  \n\n<h4 class=\"uppercase\" style=\"text-align: left;\">collection<\/h4>\n<h3 class=\"uppercase\" style=\"text-align: left;\"><strong>sun-moon-stars dots<\/strong><\/h3>\n<a href=\"https:\/\/moonadesign.hu\/en\/product-category\/sun-moon-stars-dots\/\" target=\"_self\" class=\"button white is-outline\"  >\n    <span>view<\/span>\n  <\/a>\n\n\n\n              <\/div>\n           <\/div>\n                            \n<style>\n#text-box-1928782016 {\n  width: 78%;\n}\n#text-box-1928782016 .text {\n  font-size: 100%;\n}\n<\/style>\n    <\/div>\n \n\n        <\/div>\n      <\/div>\n\n            \n<style>\n#banner-210939014 {\n  padding-top: 250px;\n}\n#banner-210939014 .bg.bg-loaded {\n  background-image: url(https:\/\/moonadesign.hu\/wp-content\/uploads\/2019\/11\/sunmoonstarsdots.jpg);\n}\n#banner-210939014 .overlay {\n  background-color: rgba(0, 0, 0, 0.2);\n}\n#banner-210939014 .bg {\n  background-position: 0% 0%;\n}\n<\/style>\n  <\/div>\n\n\n\n\t\t<\/div>\n\t\t\t<\/div>\n\n\t\n\n\t<div id=\"col-2114336047\" class=\"col medium-3 small-12 large-3\"  >\n\t\t<div class=\"col-inner\"  >\n\t\t\t\n\t\t\t\n\n\n  <div class=\"banner has-hover bg-zoom-fade\" id=\"banner-1287351439\">\n          <div class=\"banner-inner fill\">\n        <div class=\"banner-bg fill\" >\n            <div class=\"bg fill bg-fill\"><\/div>\n                        <div class=\"overlay\"><\/div>            \n                    <\/div>\n        <div class=\"banner-layers container\">\n            <div class=\"fill banner-link\"><\/div>            \n\n   <div id=\"text-box-239263640\" class=\"text-box banner-layer x5 md-x5 lg-x5 y95 md-y95 lg-y95 res-text\">\n                                <div class=\"text dark\">\n              \n              <div class=\"text-inner text-left\">\n                  \n\n<h4 class=\"uppercase\" style=\"text-align: left;\">collection<\/h4>\n<h3 class=\"uppercase\" style=\"text-align: left;\"><strong>moona pearl<\/strong><\/h3>\n<a href=\"https:\/\/moonadesign.hu\/en\/product-category\/moona-pearl\/\" target=\"_self\" class=\"button white is-outline\"  >\n    <span>view<\/span>\n  <\/a>\n\n\n\n              <\/div>\n           <\/div>\n                            \n<style>\n#text-box-239263640 {\n  width: 74%;\n}\n#text-box-239263640 .text {\n  font-size: 100%;\n}\n<\/style>\n    <\/div>\n \n\n        <\/div>\n      <\/div>\n\n            \n<style>\n#banner-1287351439 {\n  padding-top: 250px;\n}\n#banner-1287351439 .bg.bg-loaded {\n  background-image: url(https:\/\/moonadesign.hu\/wp-content\/uploads\/2019\/11\/sunmoonstarspearl.jpg);\n}\n#banner-1287351439 .overlay {\n  background-color: rgba(0, 0, 0, 0.2);\n}\n#banner-1287351439 .bg {\n  background-position: 33% 67%;\n}\n<\/style>\n  <\/div>\n\n\n\n\t\t<\/div>\n\t\t\t<\/div>\n\n\t\n\n\t<div id=\"col-39700980\" class=\"col medium-3 small-12 large-3\"  >\n\t\t<div class=\"col-inner\"  >\n\t\t\t\n\t\t\t\n\n\n  <div class=\"banner has-hover bg-zoom-fade\" id=\"banner-1809139453\">\n          <div class=\"banner-inner fill\">\n        <div class=\"banner-bg fill\" >\n            <div class=\"bg fill bg-fill\"><\/div>\n                        <div class=\"overlay\"><\/div>            \n                    <\/div>\n        <div class=\"banner-layers container\">\n            <div class=\"fill banner-link\"><\/div>            \n\n   <div id=\"text-box-1610418065\" class=\"text-box banner-layer x5 md-x5 lg-x5 y95 md-y95 lg-y95 res-text\">\n                                <div class=\"text dark\">\n              \n              <div class=\"text-inner text-left\">\n                  \n\n<h4 class=\"uppercase\" style=\"text-align: left;\">collection<\/h4>\n<h3 class=\"uppercase\" style=\"text-align: left;\"><strong>moona casa<\/strong><\/h3>\n<a href=\"https:\/\/moonadesign.hu\/en\/product-category\/moona-casa\/\" target=\"_self\" class=\"button white is-outline\"  >\n    <span>view<\/span>\n  <\/a>\n\n\n\n              <\/div>\n           <\/div>\n                            \n<style>\n#text-box-1610418065 {\n  width: 74%;\n}\n#text-box-1610418065 .text {\n  font-size: 100%;\n}\n<\/style>\n    <\/div>\n \n\n        <\/div>\n      <\/div>\n\n            \n<style>\n#banner-1809139453 {\n  padding-top: 250px;\n}\n#banner-1809139453 .bg.bg-loaded {\n  background-image: url(https:\/\/moonadesign.hu\/wp-content\/uploads\/2020\/01\/IMG_0883-1024x1024.jpg);\n}\n#banner-1809139453 .overlay {\n  background-color: rgba(0, 0, 0, 0.2);\n}\n#banner-1809139453 .bg {\n  background-position: 33% 67%;\n}\n<\/style>\n  <\/div>\n\n\n\n\t\t<\/div>\n\t\t\t<\/div>\n\n\t\n\n<\/div>\n<div class=\"text-center\"><div class=\"is-divider divider clearfix\" style=\"max-width:0px;height:1px;\"><\/div><\/div>\n\n<div class=\"container section-title-container\" style=\"margin-top:30px;\"><h3 class=\"section-title section-title-center\"><b><\/b><span class=\"section-title-main\" >follow me on instagram<\/span><b><\/b><\/h3><\/div>\n\nError validating access token: The session has been invalidated because the user changed their password or Facebook has changed the session for security reasons.","protected":false},"excerpt":{"rendered":"","protected":false},"author":1,"featured_media":0,"parent":0,"menu_order":0,"comment_status":"closed","ping_status":"closed","template":"page-transparent-header-light.php","meta":[],"yoast_head":"<!-- This site is optimized with the Yoast SEO plugin v15.5 - https:\/\/yoast.com\/wordpress\/plugins\/seo\/ -->\n<title>Home - moona design<\/title>\n<meta name=\"robots\" content=\"index, follow, max-snippet:-1, max-image-preview:large, max-video-preview:-1\" \/>\n<link rel=\"canonical\" href=\"https:\/\/moonadesign.hu\/\" \/>\n<meta property=\"og:locale\" content=\"en_GB\" \/>\n<meta property=\"og:type\" content=\"article\" \/>\n<meta property=\"og:title\" content=\"Home - moona design\" \/>\n<meta property=\"og:url\" content=\"https:\/\/moonadesign.hu\/\" \/>\n<meta property=\"og:site_name\" content=\"moona design\" \/>\n<meta property=\"article:modified_time\" content=\"2020-07-28T19:00:00+00:00\" \/>\n<meta name=\"twitter:card\" content=\"summary_large_image\" \/>\n<meta name=\"twitter:label1\" content=\"Estimated reading time\">\n\t<meta name=\"twitter:data1\" content=\"2 minutes\">\n<script type=\"application\/ld+json\" class=\"yoast-schema-graph\">{\"@context\":\"https:\/\/schema.org\",\"@graph\":[{\"@type\":\"WebSite\",\"@id\":\"https:\/\/moonadesign.hu\/#website\",\"url\":\"https:\/\/moonadesign.hu\/\",\"name\":\"moona design\",\"description\":\"\",\"potentialAction\":[{\"@type\":\"SearchAction\",\"target\":\"https:\/\/moonadesign.hu\/?s={search_term_string}\",\"query-input\":\"required name=search_term_string\"}],\"inLanguage\":\"en-GB\"},{\"@type\":\"WebPage\",\"@id\":\"https:\/\/moonadesign.hu\/#webpage\",\"url\":\"https:\/\/moonadesign.hu\/\",\"name\":\"Home - moona design\",\"isPartOf\":{\"@id\":\"https:\/\/moonadesign.hu\/#website\"},\"datePublished\":\"2019-10-19T08:09:23+00:00\",\"dateModified\":\"2020-07-28T19:00:00+00:00\",\"inLanguage\":\"en-GB\",\"potentialAction\":[{\"@type\":\"ReadAction\",\"target\":[\"https:\/\/moonadesign.hu\/\"]}]}]}<\/script>\n<!-- \/ Yoast SEO plugin. -->","_links":{"self":[{"href":"https:\/\/moonadesign.hu\/en\/wp-json\/wp\/v2\/pages\/7"}],"collection":[{"href":"https:\/\/moonadesign.hu\/en\/wp-json\/wp\/v2\/pages"}],"about":[{"href":"https:\/\/moonadesign.hu\/en\/wp-json\/wp\/v2\/types\/page"}],"author":[{"embeddable":true,"href":"https:\/\/moonadesign.hu\/en\/wp-json\/wp\/v2\/users\/1"}],"replies":[{"embeddable":true,"href":"https:\/\/moonadesign.hu\/en\/wp-json\/wp\/v2\/comments?post=7"}],"version-history":[{"count":127,"href":"https:\/\/moonadesign.hu\/en\/wp-json\/wp\/v2\/pages\/7\/revisions"}],"predecessor-version":[{"id":1280,"href":"https:\/\/moonadesign.hu\/en\/wp-json\/wp\/v2\/pages\/7\/revisions\/1280"}],"wp:attachment":[{"href":"https:\/\/moonadesign.hu\/en\/wp-json\/wp\/v2\/media?parent=7"}],"curies":[{"name":"wp","href":"https:\/\/api.w.org\/{rel}","templated":true}]}}