{"id":1155,"date":"2020-01-23T18:12:27","date_gmt":"2020-01-23T18:12:27","guid":{"rendered":"https:\/\/moonadesign.hu\/?post_type=product&#038;p=1155"},"modified":"2020-12-21T00:08:43","modified_gmt":"2020-12-21T00:08:43","slug":"moona-casa-earring","status":"publish","type":"product","link":"https:\/\/moonadesign.hu\/en\/product\/moona-casa-earring\/","title":{"rendered":"casa earring"},"content":{"rendered":"","protected":false},"excerpt":{"rendered":"<p>Custom-designed engraved aluminum jewellery with silver earring back.<br \/>\nsize: 13\u00d713 mm<\/p>","protected":false},"featured_media":1167,"template":"","meta":[],"yoast_head":"<!-- This site is optimized with the Yoast SEO plugin v15.5 - https:\/\/yoast.com\/wordpress\/plugins\/seo\/ -->\n<title>casa earring - moona design<\/title>\n<meta name=\"robots\" content=\"index, follow, max-snippet:-1, max-image-preview:large, max-video-preview:-1\" \/>\n<link rel=\"canonical\" href=\"https:\/\/moonadesign.hu\/en\/product\/moona-casa-earring\/\" \/>\n<meta property=\"og:locale\" content=\"en_GB\" \/>\n<meta property=\"og:type\" content=\"article\" \/>\n<meta property=\"og:title\" content=\"casa earring - moona design\" \/>\n<meta property=\"og:description\" content=\"Egyedi grav\u00edrozott alum\u00ednium \u00e9kszer ez\u00fcst bedug\u00f3val. m\u00e9rete: 13x13 mm\" \/>\n<meta property=\"og:url\" content=\"https:\/\/moonadesign.hu\/en\/product\/moona-casa-earring\/\" \/>\n<meta property=\"og:site_name\" content=\"moona design\" \/>\n<meta property=\"article:modified_time\" content=\"2020-12-21T00:08:43+00:00\" \/>\n<meta property=\"og:image\" content=\"https:\/\/moonadesign.hu\/wp-content\/uploads\/2020\/01\/IMG_0891.jpg\" \/>\n\t<meta property=\"og:image:width\" content=\"1200\" \/>\n\t<meta property=\"og:image:height\" content=\"1200\" \/>\n<meta name=\"twitter:card\" content=\"summary_large_image\" \/>\n<script type=\"application\/ld+json\" class=\"yoast-schema-graph\">{\"@context\":\"https:\/\/schema.org\",\"@graph\":[{\"@type\":\"WebSite\",\"@id\":\"https:\/\/moonadesign.hu\/#website\",\"url\":\"https:\/\/moonadesign.hu\/\",\"name\":\"moona design\",\"description\":\"\",\"potentialAction\":[{\"@type\":\"SearchAction\",\"target\":\"https:\/\/moonadesign.hu\/?s={search_term_string}\",\"query-input\":\"required name=search_term_string\"}],\"inLanguage\":\"en-GB\"},{\"@type\":\"ImageObject\",\"@id\":\"https:\/\/moonadesign.hu\/en\/product\/moona-casa-earring\/#primaryimage\",\"inLanguage\":\"en-GB\",\"url\":\"https:\/\/moonadesign.hu\/wp-content\/uploads\/2020\/01\/IMG_0891.jpg\",\"width\":1200,\"height\":1200,\"caption\":\"moona casa pezsg\\u0151 f\\u00fclbeval\\u00f3\"},{\"@type\":\"WebPage\",\"@id\":\"https:\/\/moonadesign.hu\/en\/product\/moona-casa-earring\/#webpage\",\"url\":\"https:\/\/moonadesign.hu\/en\/product\/moona-casa-earring\/\",\"name\":\"casa earring - moona design\",\"isPartOf\":{\"@id\":\"https:\/\/moonadesign.hu\/#website\"},\"primaryImageOfPage\":{\"@id\":\"https:\/\/moonadesign.hu\/en\/product\/moona-casa-earring\/#primaryimage\"},\"datePublished\":\"2020-01-23T18:12:27+00:00\",\"dateModified\":\"2020-12-21T00:08:43+00:00\",\"inLanguage\":\"en-GB\",\"potentialAction\":[{\"@type\":\"ReadAction\",\"target\":[\"https:\/\/moonadesign.hu\/en\/product\/moona-casa-earring\/\"]}]}]}<\/script>\n<!-- \/ Yoast SEO plugin. -->","_links":{"self":[{"href":"https:\/\/moonadesign.hu\/en\/wp-json\/wp\/v2\/product\/1155"}],"collection":[{"href":"https:\/\/moonadesign.hu\/en\/wp-json\/wp\/v2\/product"}],"about":[{"href":"https:\/\/moonadesign.hu\/en\/wp-json\/wp\/v2\/types\/product"}],"wp:featuredmedia":[{"embeddable":true,"href":"https:\/\/moonadesign.hu\/en\/wp-json\/wp\/v2\/media\/1167"}],"wp:attachment":[{"href":"https:\/\/moonadesign.hu\/en\/wp-json\/wp\/v2\/media?parent=1155"}],"curies":[{"name":"wp","href":"https:\/\/api.w.org\/{rel}","templated":true}]}}