{"id":423,"date":"2019-11-26T17:16:00","date_gmt":"2019-11-26T17:16:00","guid":{"rendered":"https:\/\/moonadesign.hu\/?post_type=product&#038;p=423"},"modified":"2020-12-21T00:08:43","modified_gmt":"2020-12-21T00:08:43","slug":"sun-moon-stars-dots-mid","status":"publish","type":"product","link":"https:\/\/moonadesign.hu\/en\/product\/sun-moon-stars-dots-mid\/","title":{"rendered":"sun dots mid"},"content":{"rendered":"<p>The Collection is a reshaped version of the Sun-Moon-Stars are the symbols are presented by a new design. Here the celestial bodies come to live by shining through the holes of the metal plate. The colour choice was determined by the colours that represent each celestial body. I would recommend these pieces to choose women who prefer large-sized accessories. Timeless items which complement any types of clothing perfectly.<\/p>","protected":false},"excerpt":{"rendered":"<p>Custom-designed hole-patterned aluminum jewellery with silver earring back.<br \/>\nsize: diameter 36 mm<\/p>","protected":false},"featured_media":672,"template":"","meta":[],"yoast_head":"<!-- This site is optimized with the Yoast SEO plugin v15.5 - https:\/\/yoast.com\/wordpress\/plugins\/seo\/ -->\n<title>sun dots mid - moona design<\/title>\n<meta name=\"robots\" content=\"index, follow, max-snippet:-1, max-image-preview:large, max-video-preview:-1\" \/>\n<link rel=\"canonical\" href=\"https:\/\/moonadesign.hu\/en\/product\/sun-moon-stars-dots-mid\/\" \/>\n<meta property=\"og:locale\" content=\"en_GB\" \/>\n<meta property=\"og:type\" content=\"article\" \/>\n<meta property=\"og:title\" content=\"sun dots mid - moona design\" \/>\n<meta property=\"og:description\" content=\"Egyedi furatolt alum\u00ednium \u00e9kszer ez\u00fcst bedug\u00f3val. m\u00e9rete: 36 mm \u00e1tm\u00e9r\u0151\" \/>\n<meta property=\"og:url\" content=\"https:\/\/moonadesign.hu\/en\/product\/sun-moon-stars-dots-mid\/\" \/>\n<meta property=\"og:site_name\" content=\"moona design\" \/>\n<meta property=\"article:modified_time\" content=\"2020-12-21T00:08:43+00:00\" \/>\n<meta property=\"og:image\" content=\"https:\/\/moonadesign.hu\/wp-content\/uploads\/2019\/11\/IMG_9774-1.jpg\" \/>\n\t<meta property=\"og:image:width\" content=\"1200\" \/>\n\t<meta property=\"og:image:height\" content=\"1200\" \/>\n<meta name=\"twitter:card\" content=\"summary_large_image\" \/>\n<meta name=\"twitter:label1\" content=\"Estimated reading time\">\n\t<meta name=\"twitter:data1\" content=\"0 minutes\">\n<script type=\"application\/ld+json\" class=\"yoast-schema-graph\">{\"@context\":\"https:\/\/schema.org\",\"@graph\":[{\"@type\":\"WebSite\",\"@id\":\"https:\/\/moonadesign.hu\/#website\",\"url\":\"https:\/\/moonadesign.hu\/\",\"name\":\"moona design\",\"description\":\"\",\"potentialAction\":[{\"@type\":\"SearchAction\",\"target\":\"https:\/\/moonadesign.hu\/?s={search_term_string}\",\"query-input\":\"required name=search_term_string\"}],\"inLanguage\":\"en-GB\"},{\"@type\":\"ImageObject\",\"@id\":\"https:\/\/moonadesign.hu\/en\/product\/sun-moon-stars-dots-mid\/#primaryimage\",\"inLanguage\":\"en-GB\",\"url\":\"https:\/\/moonadesign.hu\/wp-content\/uploads\/2019\/11\/IMG_9774-1.jpg\",\"width\":1200,\"height\":1200,\"caption\":\"sun dots mid pezsg\\u0151 f\\u00fclbeval\\u00f3\"},{\"@type\":\"WebPage\",\"@id\":\"https:\/\/moonadesign.hu\/en\/product\/sun-moon-stars-dots-mid\/#webpage\",\"url\":\"https:\/\/moonadesign.hu\/en\/product\/sun-moon-stars-dots-mid\/\",\"name\":\"sun dots mid - moona design\",\"isPartOf\":{\"@id\":\"https:\/\/moonadesign.hu\/#website\"},\"primaryImageOfPage\":{\"@id\":\"https:\/\/moonadesign.hu\/en\/product\/sun-moon-stars-dots-mid\/#primaryimage\"},\"datePublished\":\"2019-11-26T17:16:00+00:00\",\"dateModified\":\"2020-12-21T00:08:43+00:00\",\"inLanguage\":\"en-GB\",\"potentialAction\":[{\"@type\":\"ReadAction\",\"target\":[\"https:\/\/moonadesign.hu\/en\/product\/sun-moon-stars-dots-mid\/\"]}]}]}<\/script>\n<!-- \/ Yoast SEO plugin. -->","_links":{"self":[{"href":"https:\/\/moonadesign.hu\/en\/wp-json\/wp\/v2\/product\/423"}],"collection":[{"href":"https:\/\/moonadesign.hu\/en\/wp-json\/wp\/v2\/product"}],"about":[{"href":"https:\/\/moonadesign.hu\/en\/wp-json\/wp\/v2\/types\/product"}],"wp:featuredmedia":[{"embeddable":true,"href":"https:\/\/moonadesign.hu\/en\/wp-json\/wp\/v2\/media\/672"}],"wp:attachment":[{"href":"https:\/\/moonadesign.hu\/en\/wp-json\/wp\/v2\/media?parent=423"}],"curies":[{"name":"wp","href":"https:\/\/api.w.org\/{rel}","templated":true}]}}