{"id":459,"date":"2019-11-26T17:43:50","date_gmt":"2019-11-26T17:43:50","guid":{"rendered":"https:\/\/moonadesign.hu\/?post_type=product&#038;p=459"},"modified":"2020-12-21T00:08:43","modified_gmt":"2020-12-21T00:08:43","slug":"moona-pearl-mini","status":"publish","type":"product","link":"https:\/\/moonadesign.hu\/en\/product\/moona-pearl-mini\/","title":{"rendered":"pearl mini"},"content":{"rendered":"<p>The Moona Pearl collection was inspired by the use of contrasting materials. My aim was to achieve a perfect harmony as the elegance of the pearl meets the shining surface of the metal. Unique pairing that gives an incredible elegance to the jewellery. Ideal choice for any types of clothing or occasion as they can definitely crown your outfit.<\/p>","protected":false},"excerpt":{"rendered":"<p>Custom-designed engraved aluminum jewellery with bead and silver earring back.<br \/>\nsize: diameter 13 mm<\/p>","protected":false},"featured_media":472,"template":"","meta":[],"yoast_head":"<!-- This site is optimized with the Yoast SEO plugin v15.5 - https:\/\/yoast.com\/wordpress\/plugins\/seo\/ -->\n<title>pearl mini - moona design<\/title>\n<meta name=\"robots\" content=\"index, follow, max-snippet:-1, max-image-preview:large, max-video-preview:-1\" \/>\n<link rel=\"canonical\" href=\"https:\/\/moonadesign.hu\/en\/product\/moona-pearl-mini\/\" \/>\n<meta property=\"og:locale\" content=\"en_GB\" \/>\n<meta property=\"og:type\" content=\"article\" \/>\n<meta property=\"og:title\" content=\"pearl mini - moona design\" \/>\n<meta property=\"og:description\" content=\"Egyedi grav\u00edrozott alum\u00ednium \u00e9kszer gy\u00f6nggyel, ez\u00fcst bedug\u00f3val. m\u00e9rete: 13 mm \u00e1tm\u00e9r\u0151\" \/>\n<meta property=\"og:url\" content=\"https:\/\/moonadesign.hu\/en\/product\/moona-pearl-mini\/\" \/>\n<meta property=\"og:site_name\" content=\"moona design\" \/>\n<meta property=\"article:modified_time\" content=\"2020-12-21T00:08:43+00:00\" \/>\n<meta property=\"og:image\" content=\"https:\/\/moonadesign.hu\/wp-content\/uploads\/2019\/11\/IMG_9637.jpg\" \/>\n\t<meta property=\"og:image:width\" content=\"1200\" \/>\n\t<meta property=\"og:image:height\" content=\"1200\" \/>\n<meta name=\"twitter:card\" content=\"summary_large_image\" \/>\n<meta name=\"twitter:label1\" content=\"Estimated reading time\">\n\t<meta name=\"twitter:data1\" content=\"0 minutes\">\n<script type=\"application\/ld+json\" class=\"yoast-schema-graph\">{\"@context\":\"https:\/\/schema.org\",\"@graph\":[{\"@type\":\"WebSite\",\"@id\":\"https:\/\/moonadesign.hu\/#website\",\"url\":\"https:\/\/moonadesign.hu\/\",\"name\":\"moona design\",\"description\":\"\",\"potentialAction\":[{\"@type\":\"SearchAction\",\"target\":\"https:\/\/moonadesign.hu\/?s={search_term_string}\",\"query-input\":\"required name=search_term_string\"}],\"inLanguage\":\"en-GB\"},{\"@type\":\"ImageObject\",\"@id\":\"https:\/\/moonadesign.hu\/en\/product\/moona-pearl-mini\/#primaryimage\",\"inLanguage\":\"en-GB\",\"url\":\"https:\/\/moonadesign.hu\/wp-content\/uploads\/2019\/11\/IMG_9637.jpg\",\"width\":1200,\"height\":1200,\"caption\":\"moona pearl mini f\\u00fclbeval\\u00f3 bronz\"},{\"@type\":\"WebPage\",\"@id\":\"https:\/\/moonadesign.hu\/en\/product\/moona-pearl-mini\/#webpage\",\"url\":\"https:\/\/moonadesign.hu\/en\/product\/moona-pearl-mini\/\",\"name\":\"pearl mini - moona design\",\"isPartOf\":{\"@id\":\"https:\/\/moonadesign.hu\/#website\"},\"primaryImageOfPage\":{\"@id\":\"https:\/\/moonadesign.hu\/en\/product\/moona-pearl-mini\/#primaryimage\"},\"datePublished\":\"2019-11-26T17:43:50+00:00\",\"dateModified\":\"2020-12-21T00:08:43+00:00\",\"inLanguage\":\"en-GB\",\"potentialAction\":[{\"@type\":\"ReadAction\",\"target\":[\"https:\/\/moonadesign.hu\/en\/product\/moona-pearl-mini\/\"]}]}]}<\/script>\n<!-- \/ Yoast SEO plugin. -->","_links":{"self":[{"href":"https:\/\/moonadesign.hu\/en\/wp-json\/wp\/v2\/product\/459"}],"collection":[{"href":"https:\/\/moonadesign.hu\/en\/wp-json\/wp\/v2\/product"}],"about":[{"href":"https:\/\/moonadesign.hu\/en\/wp-json\/wp\/v2\/types\/product"}],"wp:featuredmedia":[{"embeddable":true,"href":"https:\/\/moonadesign.hu\/en\/wp-json\/wp\/v2\/media\/472"}],"wp:attachment":[{"href":"https:\/\/moonadesign.hu\/en\/wp-json\/wp\/v2\/media?parent=459"}],"curies":[{"name":"wp","href":"https:\/\/api.w.org\/{rel}","templated":true}]}}