{"id":663,"date":"2019-11-27T14:47:26","date_gmt":"2019-11-27T14:47:26","guid":{"rendered":"https:\/\/moonadesign.hu\/?post_type=product&#038;p=663"},"modified":"2020-02-06T10:54:44","modified_gmt":"2020-02-06T10:54:44","slug":"stars-line","status":"publish","type":"product","link":"https:\/\/moonadesign.hu\/en\/product\/stars-line\/","title":{"rendered":"stars line"},"content":{"rendered":"<p>The sun-moon-stars collection is inspired by celestial bodies where the contemporary unique designs are engraved in these earrings.Their uniqueness lies in The Shining deliniation innovation of the engreved graphics of the sun, the moon and the stars on the matte surface. The pieces can be worn to complement everyday look and it is also ideal for elegant occasions. For the daring woman I recommend the vivid coloured or larger items whereas the more modest woman might want to choose a silver, bronze or champagne-coloured smaller-sized earrings.<\/p>","protected":false},"excerpt":{"rendered":"<p>Custom-designed engraved aluminum jewellery with silver hook.<br \/>\nsize: 6,5\u00d745 mm<\/p>","protected":false},"featured_media":665,"template":"","meta":[],"yoast_head":"<!-- This site is optimized with the Yoast SEO plugin v15.5 - https:\/\/yoast.com\/wordpress\/plugins\/seo\/ -->\n<title>stars line - moona design<\/title>\n<meta name=\"robots\" content=\"index, follow, max-snippet:-1, max-image-preview:large, max-video-preview:-1\" \/>\n<link rel=\"canonical\" href=\"https:\/\/moonadesign.hu\/termek\/stars-line\/\" \/>\n<meta property=\"og:locale\" content=\"en_GB\" \/>\n<meta property=\"og:type\" content=\"article\" \/>\n<meta property=\"og:title\" content=\"stars line - moona design\" \/>\n<meta property=\"og:description\" content=\"Egyedi grav\u00edrozott alum\u00ednium \u00e9kszer ez\u00fcst beakaszt\u00f3val. m\u00e9rete: 6,5x45 mm\" \/>\n<meta property=\"og:url\" content=\"https:\/\/moonadesign.hu\/termek\/stars-line\/\" \/>\n<meta property=\"og:site_name\" content=\"moona design\" \/>\n<meta property=\"article:modified_time\" content=\"2020-02-06T10:54:44+00:00\" \/>\n<meta property=\"og:image\" content=\"https:\/\/moonadesign.hu\/wp-content\/uploads\/2019\/11\/IMG_9896-1.jpg\" \/>\n\t<meta property=\"og:image:width\" content=\"1200\" \/>\n\t<meta property=\"og:image:height\" content=\"1200\" \/>\n<meta name=\"twitter:card\" content=\"summary_large_image\" \/>\n<meta name=\"twitter:label1\" content=\"Estimated reading time\">\n\t<meta name=\"twitter:data1\" content=\"0 minutes\">\n<script type=\"application\/ld+json\" class=\"yoast-schema-graph\">{\"@context\":\"https:\/\/schema.org\",\"@graph\":[{\"@type\":\"WebSite\",\"@id\":\"https:\/\/moonadesign.hu\/#website\",\"url\":\"https:\/\/moonadesign.hu\/\",\"name\":\"moona design\",\"description\":\"\",\"potentialAction\":[{\"@type\":\"SearchAction\",\"target\":\"https:\/\/moonadesign.hu\/?s={search_term_string}\",\"query-input\":\"required name=search_term_string\"}],\"inLanguage\":\"en-GB\"},{\"@type\":\"ImageObject\",\"@id\":\"https:\/\/moonadesign.hu\/termek\/stars-line\/#primaryimage\",\"inLanguage\":\"en-GB\",\"url\":\"https:\/\/moonadesign.hu\/wp-content\/uploads\/2019\/11\/IMG_9896-1.jpg\",\"width\":1200,\"height\":1200,\"caption\":\"stars line fekete f\\u00fclbeval\\u00f3\"},{\"@type\":\"WebPage\",\"@id\":\"https:\/\/moonadesign.hu\/termek\/stars-line\/#webpage\",\"url\":\"https:\/\/moonadesign.hu\/termek\/stars-line\/\",\"name\":\"stars line - moona design\",\"isPartOf\":{\"@id\":\"https:\/\/moonadesign.hu\/#website\"},\"primaryImageOfPage\":{\"@id\":\"https:\/\/moonadesign.hu\/termek\/stars-line\/#primaryimage\"},\"datePublished\":\"2019-11-27T14:47:26+00:00\",\"dateModified\":\"2020-02-06T10:54:44+00:00\",\"inLanguage\":\"en-GB\",\"potentialAction\":[{\"@type\":\"ReadAction\",\"target\":[\"https:\/\/moonadesign.hu\/termek\/stars-line\/\"]}]}]}<\/script>\n<!-- \/ Yoast SEO plugin. -->","_links":{"self":[{"href":"https:\/\/moonadesign.hu\/en\/wp-json\/wp\/v2\/product\/663"}],"collection":[{"href":"https:\/\/moonadesign.hu\/en\/wp-json\/wp\/v2\/product"}],"about":[{"href":"https:\/\/moonadesign.hu\/en\/wp-json\/wp\/v2\/types\/product"}],"wp:featuredmedia":[{"embeddable":true,"href":"https:\/\/moonadesign.hu\/en\/wp-json\/wp\/v2\/media\/665"}],"wp:attachment":[{"href":"https:\/\/moonadesign.hu\/en\/wp-json\/wp\/v2\/media?parent=663"}],"curies":[{"name":"wp","href":"https:\/\/api.w.org\/{rel}","templated":true}]}}